{"id":3631,"date":"2021-04-08T13:21:33","date_gmt":"2021-04-08T13:21:33","guid":{"rendered":"https:\/\/caffedrupa.com\/sq\/en\/?post_type=product&#038;p=3631"},"modified":"2024-05-06T14:00:22","modified_gmt":"2024-05-06T12:00:22","slug":"decaffeinated-3","status":"publish","type":"product","link":"https:\/\/caffedrupa.com\/sq\/product\/decaffeinated-3\/","title":{"rendered":"Decaffeinato"},"content":{"rendered":"<div class=\"woocommerce-tabs wc-tabs-wrapper\">\n<div id=\"tab-description\" class=\"woocommerce-Tabs-panel woocommerce-Tabs-panel--description panel entry-content wc-tab\" role=\"tabpanel\" aria-labelledby=\"tab-title-description\">\n<p>Llokoz\u00eb kafeje, me arom\u00eb t\u00eb plot\u00eb, trup mesatar dhe shum\u00eb kremoz. Ve\u00e7oria perfekte p\u00ebr \u00e7do kafe t\u00eb shijuar n\u00eb bar. Origjina e tyre nga Amerika, Azia dhe Afrika e b\u00ebjn\u00eb k\u00ebt\u00eb p\u00ebrzierje shum\u00eb t\u00eb ve\u00e7ant\u00eb dhe ideale p\u00ebr t\u00eb plot\u00ebsuar nj\u00eb vakt t\u00eb mir\u00eb.<\/p>\n<\/div>\n<\/div>\n<section class=\"related products\"><\/section>\n","protected":false},"excerpt":{"rendered":"<div class=\"woocommerce-product-details__short-description\">\n<p>Pods Kakeje, me arom\u00eb t\u00eb plot\u00eb, trup mesatar dhe shum\u00eb kremoz. Ve\u00e7oria perfekte p\u00ebr \u00e7do kafe t\u00eb shijuar n\u00eb bar<\/p>\n<\/div>\n<div class=\"product_meta\"><\/div>\n","protected":false},"featured_media":4136,"comment_status":"open","ping_status":"closed","template":"","meta":[],"product_cat":[88],"product_tag":[],"_links":{"self":[{"href":"https:\/\/caffedrupa.com\/sq\/wp-json\/wp\/v2\/product\/3631"}],"collection":[{"href":"https:\/\/caffedrupa.com\/sq\/wp-json\/wp\/v2\/product"}],"about":[{"href":"https:\/\/caffedrupa.com\/sq\/wp-json\/wp\/v2\/types\/product"}],"replies":[{"embeddable":true,"href":"https:\/\/caffedrupa.com\/sq\/wp-json\/wp\/v2\/comments?post=3631"}],"wp:featuredmedia":[{"embeddable":true,"href":"https:\/\/caffedrupa.com\/sq\/wp-json\/wp\/v2\/media\/4136"}],"wp:attachment":[{"href":"https:\/\/caffedrupa.com\/sq\/wp-json\/wp\/v2\/media?parent=3631"}],"wp:term":[{"taxonomy":"product_cat","embeddable":true,"href":"https:\/\/caffedrupa.com\/sq\/wp-json\/wp\/v2\/product_cat?post=3631"},{"taxonomy":"product_tag","embeddable":true,"href":"https:\/\/caffedrupa.com\/sq\/wp-json\/wp\/v2\/product_tag?post=3631"}],"curies":[{"name":"wp","href":"https:\/\/api.w.org\/{rel}","templated":true}]}}