{"id":3632,"date":"2021-04-08T13:22:06","date_gmt":"2021-04-08T13:22:06","guid":{"rendered":"https:\/\/caffedrupa.com\/sq\/en\/?post_type=product&#038;p=3632"},"modified":"2024-04-16T12:37:07","modified_gmt":"2024-04-16T10:37:07","slug":"supremo-2","status":"publish","type":"product","link":"https:\/\/caffedrupa.com\/sq\/product\/supremo-2\/","title":{"rendered":"Supremo"},"content":{"rendered":"<div class=\"woocommerce-tabs wc-tabs-wrapper\">\n<div id=\"tab-description\" class=\"woocommerce-Tabs-panel woocommerce-Tabs-panel--description panel entry-content wc-tab\" role=\"tabpanel\" aria-labelledby=\"tab-title-description\">\n<p>P\u00ebrzierja m\u00eb e mir\u00eb e kafeve m\u00eb t\u00eb mira nga Amerika, Azia dhe Afrika, e cila plot\u00ebson k\u00ebrkesat e \u00e7do njoh\u00ebsi t\u00eb kafes\u00eb, p\u00ebr nj\u00eb kafe plot trup, kremoze dhe shum\u00eb aromatike. E pjekur n\u00eb temperatur\u00ebn e duhur kjo micel\u00eb shfaq aroma t\u00eb pap\u00ebrmbajtshme dhe me nj\u00eb p\u00ebrfundim \u00e7udit\u00ebrisht t\u00eb but\u00eb.<\/p>\n<\/div>\n<\/div>\n<section class=\"related products\"><\/section>\n","protected":false},"excerpt":{"rendered":"<div class=\"woocommerce-product-details__short-description\">\n<p>P\u00ebrzierja m\u00eb e mir\u00eb e kafeve m\u00eb t\u00eb mira nga Amerika, Azia dhe Afrika, e cila plot\u00ebson k\u00ebrkesat e \u00e7do njoh\u00ebsi t\u00eb kafes\u00eb, p\u00ebr nj\u00eb kafe plot trup, kremoze dhe shum\u00eb aromatike.<\/p>\n<\/div>\n","protected":false},"featured_media":4134,"comment_status":"open","ping_status":"closed","template":"","meta":[],"product_cat":[88],"product_tag":[],"_links":{"self":[{"href":"https:\/\/caffedrupa.com\/sq\/wp-json\/wp\/v2\/product\/3632"}],"collection":[{"href":"https:\/\/caffedrupa.com\/sq\/wp-json\/wp\/v2\/product"}],"about":[{"href":"https:\/\/caffedrupa.com\/sq\/wp-json\/wp\/v2\/types\/product"}],"replies":[{"embeddable":true,"href":"https:\/\/caffedrupa.com\/sq\/wp-json\/wp\/v2\/comments?post=3632"}],"wp:featuredmedia":[{"embeddable":true,"href":"https:\/\/caffedrupa.com\/sq\/wp-json\/wp\/v2\/media\/4134"}],"wp:attachment":[{"href":"https:\/\/caffedrupa.com\/sq\/wp-json\/wp\/v2\/media?parent=3632"}],"wp:term":[{"taxonomy":"product_cat","embeddable":true,"href":"https:\/\/caffedrupa.com\/sq\/wp-json\/wp\/v2\/product_cat?post=3632"},{"taxonomy":"product_tag","embeddable":true,"href":"https:\/\/caffedrupa.com\/sq\/wp-json\/wp\/v2\/product_tag?post=3632"}],"curies":[{"name":"wp","href":"https:\/\/api.w.org\/{rel}","templated":true}]}}