{"id":3647,"date":"2021-04-08T13:56:01","date_gmt":"2021-04-08T13:56:01","guid":{"rendered":"https:\/\/caffedrupa.com\/sq\/en\/?post_type=product&#038;p=3647"},"modified":"2024-05-06T13:59:49","modified_gmt":"2024-05-06T11:59:49","slug":"turke-decaffeinato","status":"publish","type":"product","link":"https:\/\/caffedrupa.com\/sq\/product\/turke-decaffeinato\/","title":{"rendered":"Turke Decaffeinato"},"content":{"rendered":"<p>Kafe me origjin\u00eb nga vendet e larg\u00ebta amerikane dhe aziatike. T\u00eb zgjedhura n\u00eb m\u00ebnyr\u00ebn m\u00eb profesionale, kafet n\u00eb k\u00ebt\u00eb p\u00ebrzierje krijojn\u00eb harmoni n\u00eb shije dhe arom\u00eb.<\/p>\n<p>I trajtuar me kujdes p\u00ebr nxjerrjen e kafein\u00ebs vjen tek konsumatori i cili mund ta shijoj\u00eb at\u00eb n\u00eb \u00e7do koh\u00eb t\u00eb dit\u00ebs.<\/p>\n","protected":false},"excerpt":{"rendered":"<p>Kafe me origjin\u00eb nga vendet e larg\u00ebta amerikane dhe aziatike. T\u00eb zgjedhura n\u00eb m\u00ebnyr\u00ebn m\u00eb profesionale, kafet n\u00eb k\u00ebt\u00eb p\u00ebrzierje krijojn\u00eb harmoni n\u00eb shije dhe arom\u00eb.<\/p>\n","protected":false},"featured_media":4515,"comment_status":"open","ping_status":"closed","template":"","meta":[],"product_cat":[92],"product_tag":[],"_links":{"self":[{"href":"https:\/\/caffedrupa.com\/sq\/wp-json\/wp\/v2\/product\/3647"}],"collection":[{"href":"https:\/\/caffedrupa.com\/sq\/wp-json\/wp\/v2\/product"}],"about":[{"href":"https:\/\/caffedrupa.com\/sq\/wp-json\/wp\/v2\/types\/product"}],"replies":[{"embeddable":true,"href":"https:\/\/caffedrupa.com\/sq\/wp-json\/wp\/v2\/comments?post=3647"}],"wp:featuredmedia":[{"embeddable":true,"href":"https:\/\/caffedrupa.com\/sq\/wp-json\/wp\/v2\/media\/4515"}],"wp:attachment":[{"href":"https:\/\/caffedrupa.com\/sq\/wp-json\/wp\/v2\/media?parent=3647"}],"wp:term":[{"taxonomy":"product_cat","embeddable":true,"href":"https:\/\/caffedrupa.com\/sq\/wp-json\/wp\/v2\/product_cat?post=3647"},{"taxonomy":"product_tag","embeddable":true,"href":"https:\/\/caffedrupa.com\/sq\/wp-json\/wp\/v2\/product_tag?post=3647"}],"curies":[{"name":"wp","href":"https:\/\/api.w.org\/{rel}","templated":true}]}}