{"id":4406,"date":"2021-06-11T15:02:13","date_gmt":"2021-06-11T15:02:13","guid":{"rendered":"https:\/\/caffedrupa.com\/sq\/en\/?post_type=product&#038;p=4406"},"modified":"2024-04-16T12:26:47","modified_gmt":"2024-04-16T10:26:47","slug":"wbm-llolo","status":"publish","type":"product","link":"https:\/\/caffedrupa.com\/sq\/product\/wbm-llolo\/","title":{"rendered":"WBM Llolo"},"content":{"rendered":"<table width=\"773\">\n<tbody>\n<tr>\n<td width=\"396\">\n<p style=\"font-weight: inherit; font-style: inherit;\">Teknologjia<\/p>\n<\/td>\n<td width=\"377\">Sistemi i shk\u00ebmbimit t\u00eb nxeht\u00ebsis\u00eb SHX i dedikuar secilit grup<\/td>\n<\/tr>\n<tr>\n<td width=\"396\">LED<\/td>\n<td style=\"font-style: inherit;\" width=\"377\">Po<\/td>\n<\/tr>\n<tr style=\"font-weight: inherit; font-style: inherit;\">\n<td width=\"396\">GRUP<\/td>\n<td style=\"font-style: inherit;\" width=\"377\"><span style=\"font-style: inherit;\">1E64 thermosiphon<\/span><\/td>\n<\/tr>\n<tr style=\"font-weight: inherit; font-style: inherit;\">\n<td width=\"396\">Numri i Grupeve<\/td>\n<td style=\"font-style: inherit;\" width=\"377\"><span style=\"font-style: inherit;\">2 &amp; 3 Grupe<\/span><\/td>\n<\/tr>\n<tr>\n<td>Numri i butonave<\/td>\n<td>5<\/td>\n<\/tr>\n<\/tbody>\n<\/table>\n","protected":false},"excerpt":{"rendered":"<div class=\"woocommerce-product-details__short-description\">\n<p>Lollo \u00ebsht\u00eb nj\u00eb ekspres p\u00ebr t\u00eb gjitha baret q\u00eb k\u00ebrkojn\u00eb nj\u00eb makin\u00eb t\u00eb cil\u00ebsis\u00eb s\u00eb lart\u00eb me nj\u00eb \u00e7mim t\u00eb volitsh\u00ebm. Trupi prej \u00e7eliku i jep makin\u00ebs nj\u00eb dizajn t\u00eb hijsh\u00ebm dhe t\u00ebrheq\u00ebs. Nd\u00ebrsa \u00e7el\u00ebsat e avullit garantojn\u00eb shp\u00ebrndarje t\u00eb shpejt\u00eb dhe me avull. Ky opsion \u00ebsht\u00eb i disponuesh\u00ebm si n\u00eb versionin automatik me pes\u00eb butona ashtu edhe n\u00eb versionin gjysm\u00eb automatik me dy butona.<\/p>\n<\/div>\n<div class=\"product_meta\"><\/div>\n","protected":false},"featured_media":4413,"comment_status":"open","ping_status":"closed","template":"","meta":[],"product_cat":[95],"product_tag":[],"_links":{"self":[{"href":"https:\/\/caffedrupa.com\/sq\/wp-json\/wp\/v2\/product\/4406"}],"collection":[{"href":"https:\/\/caffedrupa.com\/sq\/wp-json\/wp\/v2\/product"}],"about":[{"href":"https:\/\/caffedrupa.com\/sq\/wp-json\/wp\/v2\/types\/product"}],"replies":[{"embeddable":true,"href":"https:\/\/caffedrupa.com\/sq\/wp-json\/wp\/v2\/comments?post=4406"}],"wp:featuredmedia":[{"embeddable":true,"href":"https:\/\/caffedrupa.com\/sq\/wp-json\/wp\/v2\/media\/4413"}],"wp:attachment":[{"href":"https:\/\/caffedrupa.com\/sq\/wp-json\/wp\/v2\/media?parent=4406"}],"wp:term":[{"taxonomy":"product_cat","embeddable":true,"href":"https:\/\/caffedrupa.com\/sq\/wp-json\/wp\/v2\/product_cat?post=4406"},{"taxonomy":"product_tag","embeddable":true,"href":"https:\/\/caffedrupa.com\/sq\/wp-json\/wp\/v2\/product_tag?post=4406"}],"curies":[{"name":"wp","href":"https:\/\/api.w.org\/{rel}","templated":true}]}}