{"id":827,"date":"2020-04-14T12:02:55","date_gmt":"2020-04-14T12:02:55","guid":{"rendered":"https:\/\/gaspard.qodeinteractive.com\/?post_type=product&#038;p=827"},"modified":"2024-04-16T12:40:27","modified_gmt":"2024-04-16T10:40:27","slug":"turkish-coffee-t8","status":"publish","type":"product","link":"https:\/\/caffedrupa.com\/sq\/product\/turkish-coffee-t8\/","title":{"rendered":"Turkish Coffee T8"},"content":{"rendered":"<p>Kafe turke, nj\u00eb arom\u00eb delikate dhe shije t\u00eb ve\u00e7ant\u00eb. Origjina e kafeve n\u00eb k\u00ebt\u00eb p\u00ebrzierje nga zonat e Afrik\u00ebs dhe Amerik\u00ebs e b\u00ebn at\u00eb shum\u00eb t\u00eb ve\u00e7ant\u00eb dhe t\u00eb p\u00ebrzgjedhur. E pjekur dhe e bluar me profesionaliz\u00ebm, kjo kafe k\u00ebnaq shijet e dashamir\u00ebve t\u00eb kafes\u00eb turke.<\/p>\n","protected":false},"excerpt":{"rendered":"<p>Kafe turke, nj\u00eb arom\u00eb delikate dhe shije t\u00eb ve\u00e7ant\u00eb. E pjekur dhe e bluar me profesionaliz\u00ebm, kjo kafe k\u00ebnaq shijet e dashamir\u00ebve t\u00eb kafes\u00eb turke.<\/p>\n","protected":false},"featured_media":3957,"comment_status":"open","ping_status":"closed","template":"","meta":[],"product_cat":[92],"product_tag":[],"_links":{"self":[{"href":"https:\/\/caffedrupa.com\/sq\/wp-json\/wp\/v2\/product\/827"}],"collection":[{"href":"https:\/\/caffedrupa.com\/sq\/wp-json\/wp\/v2\/product"}],"about":[{"href":"https:\/\/caffedrupa.com\/sq\/wp-json\/wp\/v2\/types\/product"}],"replies":[{"embeddable":true,"href":"https:\/\/caffedrupa.com\/sq\/wp-json\/wp\/v2\/comments?post=827"}],"wp:featuredmedia":[{"embeddable":true,"href":"https:\/\/caffedrupa.com\/sq\/wp-json\/wp\/v2\/media\/3957"}],"wp:attachment":[{"href":"https:\/\/caffedrupa.com\/sq\/wp-json\/wp\/v2\/media?parent=827"}],"wp:term":[{"taxonomy":"product_cat","embeddable":true,"href":"https:\/\/caffedrupa.com\/sq\/wp-json\/wp\/v2\/product_cat?post=827"},{"taxonomy":"product_tag","embeddable":true,"href":"https:\/\/caffedrupa.com\/sq\/wp-json\/wp\/v2\/product_tag?post=827"}],"curies":[{"name":"wp","href":"https:\/\/api.w.org\/{rel}","templated":true}]}}